{"id":133,"date":"2022-11-17T19:29:21","date_gmt":"2022-11-17T19:29:21","guid":{"rendered":"https:\/\/www.croquetarte.es\/noticias\/?page_id=133"},"modified":"2023-03-04T09:56:05","modified_gmt":"2023-03-04T08:56:05","slug":"croquetarte-coso","status":"publish","type":"page","link":"https:\/\/www.croquetarte.es\/noticias\/croquetarte-coso\/","title":{"rendered":"CroquetArte Coso"},"content":{"rendered":"\n<p><\/p>\n\n\n<div class=\"wp-block-image\">\n<figure class=\"aligncenter size-full\"><img fetchpriority=\"high\" decoding=\"async\" width=\"940\" height=\"788\" src=\"https:\/\/www.croquetarte.es\/noticias\/wp-content\/uploads\/2022\/11\/Croquetarte-Coso.jpg\" alt=\"\" class=\"wp-image-134\" title=\"Fachada CroquetArte Coso\" srcset=\"https:\/\/www.croquetarte.es\/noticias\/wp-content\/uploads\/2022\/11\/Croquetarte-Coso.jpg 940w, https:\/\/www.croquetarte.es\/noticias\/wp-content\/uploads\/2022\/11\/Croquetarte-Coso-300x251.jpg 300w, https:\/\/www.croquetarte.es\/noticias\/wp-content\/uploads\/2022\/11\/Croquetarte-Coso-768x644.jpg 768w\" sizes=\"(max-width: 940px) 100vw, 940px\" \/><\/figure><\/div>\n\n\n<div style=\"height:73px\" aria-hidden=\"true\" class=\"wp-block-spacer\"><\/div>\n\n\n\n<p><strong>El origen de nuestro grupo empresarial. Croquetarte Coso naci\u00f3 en 2015, en el centro de Zaragoza,<\/strong> justo enfrente del edificio de la Audiencia Provincial.<\/p>\n\n\n\n<p><strong>Su espacio acogedor y con buen gusto, <\/strong>enseguida conquist\u00f3 a los zaragozanos, que lo hicieron su lugar de reuni\u00f3n.<\/p>\n\n\n\n<p>Es aqu\u00ed donde nuestras croquetas se hicieron famosas y los sabores inundaron los paladares de miles de clientes, generando hasta el d\u00eda de hoy, una relaci\u00f3n que dura m\u00e1s de 7 a\u00f1os.<\/p>\n\n\n\n<p>A continuaci\u00f3n os dejamos el horario y unas im\u00e1genes, pero <strong>lo que m\u00e1s nos gustar\u00eda es verte disfrutando en CroquetArte Coso.<\/strong><\/p>\n\n\n\n<h2 class=\"has-text-color wp-block-heading\" style=\"color:#5d2417\">CroquetArte Coso<\/h2>\n\n\n\n<p><strong>C\/ Coso 14, local<\/strong><\/p>\n\n\n\n<p><strong>Tel. 976 79 50 60<\/strong><\/p>\n\n\n\n<figure class=\"wp-block-image size-full\"><img decoding=\"async\" width=\"940\" height=\"788\" src=\"https:\/\/www.croquetarte.es\/noticias\/wp-content\/uploads\/2023\/03\/Horarios-Coso-copia.png\" alt=\"Horario CroquetArte Coso\" class=\"wp-image-447\" srcset=\"https:\/\/www.croquetarte.es\/noticias\/wp-content\/uploads\/2023\/03\/Horarios-Coso-copia.png 940w, https:\/\/www.croquetarte.es\/noticias\/wp-content\/uploads\/2023\/03\/Horarios-Coso-copia-300x251.png 300w, https:\/\/www.croquetarte.es\/noticias\/wp-content\/uploads\/2023\/03\/Horarios-Coso-copia-768x644.png 768w\" sizes=\"(max-width: 940px) 100vw, 940px\" \/><\/figure>\n\n\n\n<figure class=\"wp-block-image size-full\"><a href=\"https:\/\/www.croquetarte.es\/noticias\/wp-content\/uploads\/2022\/11\/Croquetarte-Coso-2.jpg\" target=\"_blank\" rel=\"noreferrer noopener\"><img decoding=\"async\" width=\"940\" height=\"788\" src=\"https:\/\/www.croquetarte.es\/noticias\/wp-content\/uploads\/2022\/11\/Croquetarte-Coso-2.jpg\" alt=\"CroquetArte Coso\" class=\"wp-image-138\" title=\"Entrada CroquetArte Coso\" srcset=\"https:\/\/www.croquetarte.es\/noticias\/wp-content\/uploads\/2022\/11\/Croquetarte-Coso-2.jpg 940w, https:\/\/www.croquetarte.es\/noticias\/wp-content\/uploads\/2022\/11\/Croquetarte-Coso-2-300x251.jpg 300w, https:\/\/www.croquetarte.es\/noticias\/wp-content\/uploads\/2022\/11\/Croquetarte-Coso-2-768x644.jpg 768w\" sizes=\"(max-width: 940px) 100vw, 940px\" \/><\/a><\/figure>\n\n\n\n<figure class=\"wp-block-image size-full\"><a href=\"https:\/\/www.croquetarte.es\/noticias\/wp-content\/uploads\/2022\/11\/Croquetarte-Coso-3.jpg\" target=\"_blank\" rel=\"noreferrer noopener\"><img loading=\"lazy\" decoding=\"async\" width=\"940\" height=\"788\" src=\"https:\/\/www.croquetarte.es\/noticias\/wp-content\/uploads\/2022\/11\/Croquetarte-Coso-3.jpg\" alt=\"CroquetArte Coso\" class=\"wp-image-139\" title=\"Vitrina CroqueArte Coso\" srcset=\"https:\/\/www.croquetarte.es\/noticias\/wp-content\/uploads\/2022\/11\/Croquetarte-Coso-3.jpg 940w, https:\/\/www.croquetarte.es\/noticias\/wp-content\/uploads\/2022\/11\/Croquetarte-Coso-3-300x251.jpg 300w, https:\/\/www.croquetarte.es\/noticias\/wp-content\/uploads\/2022\/11\/Croquetarte-Coso-3-768x644.jpg 768w\" sizes=\"(max-width: 940px) 100vw, 940px\" \/><\/a><\/figure>\n\n\n\n<figure class=\"wp-block-image size-full\"><img loading=\"lazy\" decoding=\"async\" width=\"940\" height=\"788\" src=\"https:\/\/www.croquetarte.es\/noticias\/wp-content\/uploads\/2023\/03\/Croquetarte-Coso-6-copia.png\" alt=\"Interior local CroquetArte Coso\" class=\"wp-image-446\" srcset=\"https:\/\/www.croquetarte.es\/noticias\/wp-content\/uploads\/2023\/03\/Croquetarte-Coso-6-copia.png 940w, https:\/\/www.croquetarte.es\/noticias\/wp-content\/uploads\/2023\/03\/Croquetarte-Coso-6-copia-300x251.png 300w, https:\/\/www.croquetarte.es\/noticias\/wp-content\/uploads\/2023\/03\/Croquetarte-Coso-6-copia-768x644.png 768w\" sizes=\"(max-width: 940px) 100vw, 940px\" \/><\/figure>\n\n\n\n<figure class=\"wp-block-image size-full\"><a href=\"https:\/\/www.croquetarte.es\/noticias\/wp-content\/uploads\/2022\/11\/Croquetarte-Coso-4.jpg\" target=\"_blank\" rel=\"noreferrer noopener\"><img loading=\"lazy\" decoding=\"async\" width=\"940\" height=\"788\" src=\"https:\/\/www.croquetarte.es\/noticias\/wp-content\/uploads\/2022\/11\/Croquetarte-Coso-4.jpg\" alt=\"CroquetArte Coso\" class=\"wp-image-140\" title=\"Lugar con encanto en CroquetArte Coso\" srcset=\"https:\/\/www.croquetarte.es\/noticias\/wp-content\/uploads\/2022\/11\/Croquetarte-Coso-4.jpg 940w, https:\/\/www.croquetarte.es\/noticias\/wp-content\/uploads\/2022\/11\/Croquetarte-Coso-4-300x251.jpg 300w, https:\/\/www.croquetarte.es\/noticias\/wp-content\/uploads\/2022\/11\/Croquetarte-Coso-4-768x644.jpg 768w\" sizes=\"(max-width: 940px) 100vw, 940px\" \/><\/a><\/figure>\n\n\n\n<figure class=\"wp-block-image size-full\"><a href=\"https:\/\/www.croquetarte.es\/noticias\/wp-content\/uploads\/2022\/11\/Croquetarte-Coso-1.jpg\" target=\"_blank\" rel=\"noreferrer noopener\"><img loading=\"lazy\" decoding=\"async\" width=\"940\" height=\"788\" src=\"https:\/\/www.croquetarte.es\/noticias\/wp-content\/uploads\/2022\/11\/Croquetarte-Coso-1.jpg\" alt=\"CroquetArte Coso\" class=\"wp-image-137\" title=\"Detalles de CroquetArte Coso\" srcset=\"https:\/\/www.croquetarte.es\/noticias\/wp-content\/uploads\/2022\/11\/Croquetarte-Coso-1.jpg 940w, https:\/\/www.croquetarte.es\/noticias\/wp-content\/uploads\/2022\/11\/Croquetarte-Coso-1-300x251.jpg 300w, https:\/\/www.croquetarte.es\/noticias\/wp-content\/uploads\/2022\/11\/Croquetarte-Coso-1-768x644.jpg 768w\" sizes=\"(max-width: 940px) 100vw, 940px\" \/><\/a><\/figure>\n\n\n\n<figure class=\"wp-block-image size-full\"><a href=\"https:\/\/www.croquetarte.es\/noticias\/wp-content\/uploads\/2022\/11\/Croquetarte-Coso-5.jpg\" target=\"_blank\" rel=\"noreferrer noopener\"><img loading=\"lazy\" decoding=\"async\" width=\"940\" height=\"788\" src=\"https:\/\/www.croquetarte.es\/noticias\/wp-content\/uploads\/2022\/11\/Croquetarte-Coso-5.jpg\" alt=\"CroquetArte Coso\" class=\"wp-image-136\" title=\"Interior de nuestro local CroquetArte Coso\" srcset=\"https:\/\/www.croquetarte.es\/noticias\/wp-content\/uploads\/2022\/11\/Croquetarte-Coso-5.jpg 940w, https:\/\/www.croquetarte.es\/noticias\/wp-content\/uploads\/2022\/11\/Croquetarte-Coso-5-300x251.jpg 300w, https:\/\/www.croquetarte.es\/noticias\/wp-content\/uploads\/2022\/11\/Croquetarte-Coso-5-768x644.jpg 768w\" sizes=\"(max-width: 940px) 100vw, 940px\" \/><\/a><\/figure>\n\n\n\n<div style=\"height:40px\" aria-hidden=\"true\" class=\"wp-block-spacer\"><\/div>\n\n\n\n<p><\/p>\n\n\n\n<p><\/p>\n\n\n\n<p><\/p>\n","protected":false},"excerpt":{"rendered":"<p>El origen de nuestro grupo empresarial. Croquetarte Coso naci\u00f3 en 2015, en el centro de Zaragoza, justo enfrente del edificio  [&#8230;]<\/p>\n","protected":false},"author":2,"featured_media":0,"parent":0,"menu_order":0,"comment_status":"closed","ping_status":"closed","template":"","meta":[],"yoast_head":"<!-- This site is optimized with the Yoast SEO plugin v21.6 - https:\/\/yoast.com\/wordpress\/plugins\/seo\/ -->\n<title>CroquetArte Coso - CroquetArte<\/title>\n<meta name=\"description\" content=\"Su espacio acogedor y con buen gusto te llevar\u00e1 a disfrutar de nuestras croquetas gourmet. Esto es CroquetArte Coso.\" \/>\n<meta name=\"robots\" content=\"index, follow, max-snippet:-1, max-image-preview:large, max-video-preview:-1\" \/>\n<link rel=\"canonical\" href=\"https:\/\/www.croquetarte.es\/noticias\/croquetarte-coso\/\" \/>\n<meta property=\"og:locale\" content=\"es_ES\" \/>\n<meta property=\"og:type\" content=\"article\" \/>\n<meta property=\"og:title\" content=\"CroquetArte Coso\" \/>\n<meta property=\"og:description\" content=\"Conoce el lugar donde todo comenz\u00f3. Nuestro local de CroquetArte Coso. Su espacio acogedor y con buen gusto te llevar\u00e1 a disfrutar de nuestras croquetas gourmet.\" \/>\n<meta property=\"og:url\" content=\"https:\/\/www.croquetarte.es\/noticias\/croquetarte-coso\/\" \/>\n<meta property=\"og:site_name\" content=\"CroquetArte\" \/>\n<meta property=\"article:publisher\" content=\"https:\/\/www.facebook.com\/croquetartezaragoza\" \/>\n<meta property=\"article:modified_time\" content=\"2023-03-04T08:56:05+00:00\" \/>\n<meta property=\"og:image\" content=\"https:\/\/www.croquetarte.es\/noticias\/wp-content\/uploads\/2022\/11\/Croquetarte-Coso.jpg\" \/>\n\t<meta property=\"og:image:width\" content=\"940\" \/>\n\t<meta property=\"og:image:height\" content=\"788\" \/>\n\t<meta property=\"og:image:type\" content=\"image\/jpeg\" \/>\n<meta name=\"twitter:card\" content=\"summary_large_image\" \/>\n<meta name=\"twitter:label1\" content=\"Tiempo de lectura\" \/>\n\t<meta name=\"twitter:data1\" content=\"3 minutos\" \/>\n<script type=\"application\/ld+json\" class=\"yoast-schema-graph\">{\"@context\":\"https:\/\/schema.org\",\"@graph\":[{\"@type\":\"WebPage\",\"@id\":\"https:\/\/www.croquetarte.es\/noticias\/croquetarte-coso\/\",\"url\":\"https:\/\/www.croquetarte.es\/noticias\/croquetarte-coso\/\",\"name\":\"CroquetArte Coso - CroquetArte\",\"isPartOf\":{\"@id\":\"https:\/\/www.croquetarte.es\/noticias\/#website\"},\"datePublished\":\"2022-11-17T19:29:21+00:00\",\"dateModified\":\"2023-03-04T08:56:05+00:00\",\"description\":\"Su espacio acogedor y con buen gusto te llevar\u00e1 a disfrutar de nuestras croquetas gourmet. Esto es CroquetArte Coso.\",\"breadcrumb\":{\"@id\":\"https:\/\/www.croquetarte.es\/noticias\/croquetarte-coso\/#breadcrumb\"},\"inLanguage\":\"es\",\"potentialAction\":[{\"@type\":\"ReadAction\",\"target\":[\"https:\/\/www.croquetarte.es\/noticias\/croquetarte-coso\/\"]}]},{\"@type\":\"BreadcrumbList\",\"@id\":\"https:\/\/www.croquetarte.es\/noticias\/croquetarte-coso\/#breadcrumb\",\"itemListElement\":[{\"@type\":\"ListItem\",\"position\":1,\"name\":\"Portada\",\"item\":\"https:\/\/www.croquetarte.es\/noticias\/\"},{\"@type\":\"ListItem\",\"position\":2,\"name\":\"CroquetArte Coso\"}]},{\"@type\":\"WebSite\",\"@id\":\"https:\/\/www.croquetarte.es\/noticias\/#website\",\"url\":\"https:\/\/www.croquetarte.es\/noticias\/\",\"name\":\"CroquetArte\",\"description\":\"Croquetas gourmet (saladas, dulces y sin gluten)\",\"publisher\":{\"@id\":\"https:\/\/www.croquetarte.es\/noticias\/#organization\"},\"potentialAction\":[{\"@type\":\"SearchAction\",\"target\":{\"@type\":\"EntryPoint\",\"urlTemplate\":\"https:\/\/www.croquetarte.es\/noticias\/?s={search_term_string}\"},\"query-input\":\"required name=search_term_string\"}],\"inLanguage\":\"es\"},{\"@type\":\"Organization\",\"@id\":\"https:\/\/www.croquetarte.es\/noticias\/#organization\",\"name\":\"CroquetArte\",\"url\":\"https:\/\/www.croquetarte.es\/noticias\/\",\"logo\":{\"@type\":\"ImageObject\",\"inLanguage\":\"es\",\"@id\":\"https:\/\/www.croquetarte.es\/noticias\/#\/schema\/logo\/image\/\",\"url\":\"https:\/\/www.croquetarte.es\/noticias\/wp-content\/uploads\/2022\/11\/Croquetarte-logo.png\",\"contentUrl\":\"https:\/\/www.croquetarte.es\/noticias\/wp-content\/uploads\/2022\/11\/Croquetarte-logo.png\",\"width\":742,\"height\":204,\"caption\":\"CroquetArte\"},\"image\":{\"@id\":\"https:\/\/www.croquetarte.es\/noticias\/#\/schema\/logo\/image\/\"},\"sameAs\":[\"https:\/\/www.facebook.com\/croquetartezaragoza\",\"https:\/\/www.instagram.com\/croquetarte_\/\"]}]}<\/script>\n<!-- \/ Yoast SEO plugin. -->","yoast_head_json":{"title":"CroquetArte Coso - CroquetArte","description":"Su espacio acogedor y con buen gusto te llevar\u00e1 a disfrutar de nuestras croquetas gourmet. Esto es CroquetArte Coso.","robots":{"index":"index","follow":"follow","max-snippet":"max-snippet:-1","max-image-preview":"max-image-preview:large","max-video-preview":"max-video-preview:-1"},"canonical":"https:\/\/www.croquetarte.es\/noticias\/croquetarte-coso\/","og_locale":"es_ES","og_type":"article","og_title":"CroquetArte Coso","og_description":"Conoce el lugar donde todo comenz\u00f3. Nuestro local de CroquetArte Coso. Su espacio acogedor y con buen gusto te llevar\u00e1 a disfrutar de nuestras croquetas gourmet.","og_url":"https:\/\/www.croquetarte.es\/noticias\/croquetarte-coso\/","og_site_name":"CroquetArte","article_publisher":"https:\/\/www.facebook.com\/croquetartezaragoza","article_modified_time":"2023-03-04T08:56:05+00:00","og_image":[{"width":940,"height":788,"url":"https:\/\/www.croquetarte.es\/noticias\/wp-content\/uploads\/2022\/11\/Croquetarte-Coso.jpg","type":"image\/jpeg"}],"twitter_card":"summary_large_image","twitter_misc":{"Tiempo de lectura":"3 minutos"},"schema":{"@context":"https:\/\/schema.org","@graph":[{"@type":"WebPage","@id":"https:\/\/www.croquetarte.es\/noticias\/croquetarte-coso\/","url":"https:\/\/www.croquetarte.es\/noticias\/croquetarte-coso\/","name":"CroquetArte Coso - CroquetArte","isPartOf":{"@id":"https:\/\/www.croquetarte.es\/noticias\/#website"},"datePublished":"2022-11-17T19:29:21+00:00","dateModified":"2023-03-04T08:56:05+00:00","description":"Su espacio acogedor y con buen gusto te llevar\u00e1 a disfrutar de nuestras croquetas gourmet. Esto es CroquetArte Coso.","breadcrumb":{"@id":"https:\/\/www.croquetarte.es\/noticias\/croquetarte-coso\/#breadcrumb"},"inLanguage":"es","potentialAction":[{"@type":"ReadAction","target":["https:\/\/www.croquetarte.es\/noticias\/croquetarte-coso\/"]}]},{"@type":"BreadcrumbList","@id":"https:\/\/www.croquetarte.es\/noticias\/croquetarte-coso\/#breadcrumb","itemListElement":[{"@type":"ListItem","position":1,"name":"Portada","item":"https:\/\/www.croquetarte.es\/noticias\/"},{"@type":"ListItem","position":2,"name":"CroquetArte Coso"}]},{"@type":"WebSite","@id":"https:\/\/www.croquetarte.es\/noticias\/#website","url":"https:\/\/www.croquetarte.es\/noticias\/","name":"CroquetArte","description":"Croquetas gourmet (saladas, dulces y sin gluten)","publisher":{"@id":"https:\/\/www.croquetarte.es\/noticias\/#organization"},"potentialAction":[{"@type":"SearchAction","target":{"@type":"EntryPoint","urlTemplate":"https:\/\/www.croquetarte.es\/noticias\/?s={search_term_string}"},"query-input":"required name=search_term_string"}],"inLanguage":"es"},{"@type":"Organization","@id":"https:\/\/www.croquetarte.es\/noticias\/#organization","name":"CroquetArte","url":"https:\/\/www.croquetarte.es\/noticias\/","logo":{"@type":"ImageObject","inLanguage":"es","@id":"https:\/\/www.croquetarte.es\/noticias\/#\/schema\/logo\/image\/","url":"https:\/\/www.croquetarte.es\/noticias\/wp-content\/uploads\/2022\/11\/Croquetarte-logo.png","contentUrl":"https:\/\/www.croquetarte.es\/noticias\/wp-content\/uploads\/2022\/11\/Croquetarte-logo.png","width":742,"height":204,"caption":"CroquetArte"},"image":{"@id":"https:\/\/www.croquetarte.es\/noticias\/#\/schema\/logo\/image\/"},"sameAs":["https:\/\/www.facebook.com\/croquetartezaragoza","https:\/\/www.instagram.com\/croquetarte_\/"]}]}},"_links":{"self":[{"href":"https:\/\/www.croquetarte.es\/noticias\/wp-json\/wp\/v2\/pages\/133"}],"collection":[{"href":"https:\/\/www.croquetarte.es\/noticias\/wp-json\/wp\/v2\/pages"}],"about":[{"href":"https:\/\/www.croquetarte.es\/noticias\/wp-json\/wp\/v2\/types\/page"}],"author":[{"embeddable":true,"href":"https:\/\/www.croquetarte.es\/noticias\/wp-json\/wp\/v2\/users\/2"}],"replies":[{"embeddable":true,"href":"https:\/\/www.croquetarte.es\/noticias\/wp-json\/wp\/v2\/comments?post=133"}],"version-history":[{"count":8,"href":"https:\/\/www.croquetarte.es\/noticias\/wp-json\/wp\/v2\/pages\/133\/revisions"}],"predecessor-version":[{"id":449,"href":"https:\/\/www.croquetarte.es\/noticias\/wp-json\/wp\/v2\/pages\/133\/revisions\/449"}],"wp:attachment":[{"href":"https:\/\/www.croquetarte.es\/noticias\/wp-json\/wp\/v2\/media?parent=133"}],"curies":[{"name":"wp","href":"https:\/\/api.w.org\/{rel}","templated":true}]}}