{"id":147,"date":"2022-11-17T19:48:39","date_gmt":"2022-11-17T19:48:39","guid":{"rendered":"https:\/\/www.croquetarte.es\/noticias\/?page_id=147"},"modified":"2023-03-04T09:56:52","modified_gmt":"2023-03-04T08:56:52","slug":"croquetarte-romareda","status":"publish","type":"page","link":"https:\/\/www.croquetarte.es\/noticias\/croquetarte-romareda\/","title":{"rendered":"CroquetArte Romareda"},"content":{"rendered":"\n<p><\/p>\n\n\n<div class=\"wp-block-image\">\n<figure class=\"aligncenter size-full\"><a href=\"https:\/\/www.croquetarte.es\/noticias\/wp-content\/uploads\/2022\/11\/Croquetarte-Romareda.jpg\" target=\"_blank\" rel=\"noreferrer noopener\"><img fetchpriority=\"high\" decoding=\"async\" width=\"940\" height=\"788\" src=\"https:\/\/www.croquetarte.es\/noticias\/wp-content\/uploads\/2022\/11\/Croquetarte-Romareda.jpg\" alt=\"CroquetArte Romareda\" class=\"wp-image-161\" title=\"Fachada CroquetArte Coso\" srcset=\"https:\/\/www.croquetarte.es\/noticias\/wp-content\/uploads\/2022\/11\/Croquetarte-Romareda.jpg 940w, https:\/\/www.croquetarte.es\/noticias\/wp-content\/uploads\/2022\/11\/Croquetarte-Romareda-300x251.jpg 300w, https:\/\/www.croquetarte.es\/noticias\/wp-content\/uploads\/2022\/11\/Croquetarte-Romareda-768x644.jpg 768w\" sizes=\"(max-width: 940px) 100vw, 940px\" \/><\/a><\/figure><\/div>\n\n\n<div style=\"height:42px\" aria-hidden=\"true\" class=\"wp-block-spacer\"><\/div>\n\n\n\n<p><\/p>\n\n\n\n<p><strong>Un lugar ideal para tomarte un descanso, saborear sin prisas nuestras croquetas en un entorno \u00fanico con una gran terraza.<\/strong><\/p>\n\n\n\n<p>Situado enfrente del estadio La Romareda y el Auditorio de Zaragoza, <strong>le confiere el centro neur\u00e1lgico antes de los grandes eventos.<\/strong><\/p>\n\n\n\n<p><strong>Un entorno espectacular y con la misma esencia.<\/strong> Locales decorados para que te sientas en un ambiente acogedor y moderno.<\/p>\n\n\n\n<p>A continuaci\u00f3n os dejamos los horarios y unas im\u00e1genes, pero <strong>lo que m\u00e1s nos gustar\u00eda es verte disfrutando en CroquetArte Romareda.<\/strong><\/p>\n\n\n\n<h2 class=\"has-text-color wp-block-heading\" style=\"color:#5d2417\">CroquetArte Romareda<\/h2>\n\n\n\n<p><strong>Calle Eduardo Ibarra, 8, local Q3 (frente al Estadio de la Romareda)<br>Tel. 976 63 45 11<\/strong><\/p>\n\n\n\n<figure class=\"wp-block-image size-full\"><img decoding=\"async\" width=\"940\" height=\"788\" src=\"https:\/\/www.croquetarte.es\/noticias\/wp-content\/uploads\/2023\/03\/Horarios-Romareda-copia.png\" alt=\"Horario CroquetArte Romareda\" class=\"wp-image-448\" srcset=\"https:\/\/www.croquetarte.es\/noticias\/wp-content\/uploads\/2023\/03\/Horarios-Romareda-copia.png 940w, https:\/\/www.croquetarte.es\/noticias\/wp-content\/uploads\/2023\/03\/Horarios-Romareda-copia-300x251.png 300w, https:\/\/www.croquetarte.es\/noticias\/wp-content\/uploads\/2023\/03\/Horarios-Romareda-copia-768x644.png 768w\" sizes=\"(max-width: 940px) 100vw, 940px\" \/><\/figure>\n\n\n\n<figure class=\"wp-block-image size-full\"><a href=\"https:\/\/www.croquetarte.es\/noticias\/wp-content\/uploads\/2022\/11\/Croquetarte-Romareda-4.jpg\" target=\"_blank\" rel=\"noreferrer noopener\"><img decoding=\"async\" width=\"940\" height=\"788\" src=\"https:\/\/www.croquetarte.es\/noticias\/wp-content\/uploads\/2022\/11\/Croquetarte-Romareda-4.jpg\" alt=\"CroquetArte Romareda\" class=\"wp-image-158\" title=\"Entrada CroquetArte Romareda\" srcset=\"https:\/\/www.croquetarte.es\/noticias\/wp-content\/uploads\/2022\/11\/Croquetarte-Romareda-4.jpg 940w, https:\/\/www.croquetarte.es\/noticias\/wp-content\/uploads\/2022\/11\/Croquetarte-Romareda-4-300x251.jpg 300w, https:\/\/www.croquetarte.es\/noticias\/wp-content\/uploads\/2022\/11\/Croquetarte-Romareda-4-768x644.jpg 768w\" sizes=\"(max-width: 940px) 100vw, 940px\" \/><\/a><\/figure>\n\n\n\n<figure class=\"wp-block-image size-full\"><a href=\"https:\/\/www.croquetarte.es\/noticias\/wp-content\/uploads\/2022\/11\/Croquetarte-Romareda-3.jpg\" target=\"_blank\" rel=\"noreferrer noopener\"><img loading=\"lazy\" decoding=\"async\" width=\"940\" height=\"788\" src=\"https:\/\/www.croquetarte.es\/noticias\/wp-content\/uploads\/2022\/11\/Croquetarte-Romareda-3.jpg\" alt=\"CroquetArte Romareda\" class=\"wp-image-157\" title=\"Vitrina CroqueArte Romareda\" srcset=\"https:\/\/www.croquetarte.es\/noticias\/wp-content\/uploads\/2022\/11\/Croquetarte-Romareda-3.jpg 940w, https:\/\/www.croquetarte.es\/noticias\/wp-content\/uploads\/2022\/11\/Croquetarte-Romareda-3-300x251.jpg 300w, https:\/\/www.croquetarte.es\/noticias\/wp-content\/uploads\/2022\/11\/Croquetarte-Romareda-3-768x644.jpg 768w\" sizes=\"(max-width: 940px) 100vw, 940px\" \/><\/a><\/figure>\n\n\n\n<figure class=\"wp-block-image size-full\"><a href=\"https:\/\/www.croquetarte.es\/noticias\/wp-content\/uploads\/2022\/11\/Croquetarte-Romareda-1.jpg\" target=\"_blank\" rel=\"noreferrer noopener\"><img loading=\"lazy\" decoding=\"async\" width=\"940\" height=\"788\" src=\"https:\/\/www.croquetarte.es\/noticias\/wp-content\/uploads\/2022\/11\/Croquetarte-Romareda-1.jpg\" alt=\"CroquetArte Romareda\" class=\"wp-image-155\" title=\"Lugar con encanto en CroquetArte Romareda\" srcset=\"https:\/\/www.croquetarte.es\/noticias\/wp-content\/uploads\/2022\/11\/Croquetarte-Romareda-1.jpg 940w, https:\/\/www.croquetarte.es\/noticias\/wp-content\/uploads\/2022\/11\/Croquetarte-Romareda-1-300x251.jpg 300w, https:\/\/www.croquetarte.es\/noticias\/wp-content\/uploads\/2022\/11\/Croquetarte-Romareda-1-768x644.jpg 768w\" sizes=\"(max-width: 940px) 100vw, 940px\" \/><\/a><\/figure>\n\n\n\n<figure class=\"wp-block-image size-full\"><a href=\"https:\/\/www.croquetarte.es\/noticias\/wp-content\/uploads\/2022\/11\/Croquetarte-Romareda-6.jpg\" target=\"_blank\" rel=\"noreferrer noopener\"><img loading=\"lazy\" decoding=\"async\" width=\"940\" height=\"788\" src=\"https:\/\/www.croquetarte.es\/noticias\/wp-content\/uploads\/2022\/11\/Croquetarte-Romareda-6.jpg\" alt=\"CroquetArte Romareda\" class=\"wp-image-160\" title=\"Detalles de CroquetArte Romareda\" srcset=\"https:\/\/www.croquetarte.es\/noticias\/wp-content\/uploads\/2022\/11\/Croquetarte-Romareda-6.jpg 940w, https:\/\/www.croquetarte.es\/noticias\/wp-content\/uploads\/2022\/11\/Croquetarte-Romareda-6-300x251.jpg 300w, https:\/\/www.croquetarte.es\/noticias\/wp-content\/uploads\/2022\/11\/Croquetarte-Romareda-6-768x644.jpg 768w\" sizes=\"(max-width: 940px) 100vw, 940px\" \/><\/a><\/figure>\n\n\n\n<figure class=\"wp-block-image size-full\"><a href=\"https:\/\/www.croquetarte.es\/noticias\/wp-content\/uploads\/2022\/11\/Croquetarte-Romareda-2.jpg\" target=\"_blank\" rel=\"noreferrer noopener\"><img loading=\"lazy\" decoding=\"async\" width=\"940\" height=\"788\" src=\"https:\/\/www.croquetarte.es\/noticias\/wp-content\/uploads\/2022\/11\/Croquetarte-Romareda-2.jpg\" alt=\"CroquetArte Romareda\" class=\"wp-image-156\" title=\"Terraza CroquetArte Romareda\" srcset=\"https:\/\/www.croquetarte.es\/noticias\/wp-content\/uploads\/2022\/11\/Croquetarte-Romareda-2.jpg 940w, https:\/\/www.croquetarte.es\/noticias\/wp-content\/uploads\/2022\/11\/Croquetarte-Romareda-2-300x251.jpg 300w, https:\/\/www.croquetarte.es\/noticias\/wp-content\/uploads\/2022\/11\/Croquetarte-Romareda-2-768x644.jpg 768w\" sizes=\"(max-width: 940px) 100vw, 940px\" \/><\/a><\/figure>\n\n\n\n<figure class=\"wp-block-image size-full\"><a href=\"https:\/\/www.croquetarte.es\/noticias\/wp-content\/uploads\/2022\/11\/Croquetarte-Romareda-5.jpg\" target=\"_blank\" rel=\"noreferrer noopener\"><img loading=\"lazy\" decoding=\"async\" width=\"940\" height=\"788\" src=\"https:\/\/www.croquetarte.es\/noticias\/wp-content\/uploads\/2022\/11\/Croquetarte-Romareda-5.jpg\" alt=\"CroquetArte Romareda\" class=\"wp-image-159\" title=\"Detalles con encanto CroquetArte Romareda\" srcset=\"https:\/\/www.croquetarte.es\/noticias\/wp-content\/uploads\/2022\/11\/Croquetarte-Romareda-5.jpg 940w, https:\/\/www.croquetarte.es\/noticias\/wp-content\/uploads\/2022\/11\/Croquetarte-Romareda-5-300x251.jpg 300w, https:\/\/www.croquetarte.es\/noticias\/wp-content\/uploads\/2022\/11\/Croquetarte-Romareda-5-768x644.jpg 768w\" sizes=\"(max-width: 940px) 100vw, 940px\" \/><\/a><\/figure>\n\n\n\n<div style=\"height:40px\" aria-hidden=\"true\" class=\"wp-block-spacer\"><\/div>\n","protected":false},"excerpt":{"rendered":"<p>Un lugar ideal para tomarte un descanso, saborear sin prisas nuestras croquetas en un entorno \u00fanico con una gran terraza.  [&#8230;]<\/p>\n","protected":false},"author":2,"featured_media":0,"parent":0,"menu_order":0,"comment_status":"closed","ping_status":"closed","template":"","meta":[],"yoast_head":"<!-- This site is optimized with the Yoast SEO plugin v21.6 - https:\/\/yoast.com\/wordpress\/plugins\/seo\/ -->\n<title>CroquetArte Romareda - CroquetArte<\/title>\n<meta name=\"description\" content=\"CroquetArte Romareda, un lugar ideal para tomarte un descanso, saborear sin prisas nuestras croquetas en un entorno \u00fanico con una gran terraza.\" \/>\n<meta name=\"robots\" content=\"index, follow, max-snippet:-1, max-image-preview:large, max-video-preview:-1\" \/>\n<link rel=\"canonical\" href=\"https:\/\/www.croquetarte.es\/noticias\/croquetarte-romareda\/\" \/>\n<meta property=\"og:locale\" content=\"es_ES\" \/>\n<meta property=\"og:type\" content=\"article\" \/>\n<meta property=\"og:title\" content=\"CroquetArte Romareda\" \/>\n<meta property=\"og:description\" content=\"CroquetArte Romareda, un lugar ideal para tomarte un descanso, saborear sin prisas nuestras croquetas en un entorno \u00fanico con una gran terraza.\" \/>\n<meta property=\"og:url\" content=\"https:\/\/www.croquetarte.es\/noticias\/croquetarte-romareda\/\" \/>\n<meta property=\"og:site_name\" content=\"CroquetArte\" \/>\n<meta property=\"article:publisher\" content=\"https:\/\/www.facebook.com\/croquetartezaragoza\" \/>\n<meta property=\"article:modified_time\" content=\"2023-03-04T08:56:52+00:00\" \/>\n<meta property=\"og:image\" content=\"https:\/\/www.croquetarte.es\/noticias\/wp-content\/uploads\/2022\/11\/Croquetarte-Romareda.jpg\" \/>\n\t<meta property=\"og:image:width\" content=\"940\" \/>\n\t<meta property=\"og:image:height\" content=\"788\" \/>\n\t<meta property=\"og:image:type\" content=\"image\/jpeg\" \/>\n<meta name=\"twitter:card\" content=\"summary_large_image\" \/>\n<meta name=\"twitter:label1\" content=\"Tiempo de lectura\" \/>\n\t<meta name=\"twitter:data1\" content=\"3 minutos\" \/>\n<script type=\"application\/ld+json\" class=\"yoast-schema-graph\">{\"@context\":\"https:\/\/schema.org\",\"@graph\":[{\"@type\":\"WebPage\",\"@id\":\"https:\/\/www.croquetarte.es\/noticias\/croquetarte-romareda\/\",\"url\":\"https:\/\/www.croquetarte.es\/noticias\/croquetarte-romareda\/\",\"name\":\"CroquetArte Romareda - CroquetArte\",\"isPartOf\":{\"@id\":\"https:\/\/www.croquetarte.es\/noticias\/#website\"},\"datePublished\":\"2022-11-17T19:48:39+00:00\",\"dateModified\":\"2023-03-04T08:56:52+00:00\",\"description\":\"CroquetArte Romareda, un lugar ideal para tomarte un descanso, saborear sin prisas nuestras croquetas en un entorno \u00fanico con una gran terraza.\",\"breadcrumb\":{\"@id\":\"https:\/\/www.croquetarte.es\/noticias\/croquetarte-romareda\/#breadcrumb\"},\"inLanguage\":\"es\",\"potentialAction\":[{\"@type\":\"ReadAction\",\"target\":[\"https:\/\/www.croquetarte.es\/noticias\/croquetarte-romareda\/\"]}]},{\"@type\":\"BreadcrumbList\",\"@id\":\"https:\/\/www.croquetarte.es\/noticias\/croquetarte-romareda\/#breadcrumb\",\"itemListElement\":[{\"@type\":\"ListItem\",\"position\":1,\"name\":\"Portada\",\"item\":\"https:\/\/www.croquetarte.es\/noticias\/\"},{\"@type\":\"ListItem\",\"position\":2,\"name\":\"CroquetArte Romareda\"}]},{\"@type\":\"WebSite\",\"@id\":\"https:\/\/www.croquetarte.es\/noticias\/#website\",\"url\":\"https:\/\/www.croquetarte.es\/noticias\/\",\"name\":\"CroquetArte\",\"description\":\"Croquetas gourmet (saladas, dulces y sin gluten)\",\"publisher\":{\"@id\":\"https:\/\/www.croquetarte.es\/noticias\/#organization\"},\"potentialAction\":[{\"@type\":\"SearchAction\",\"target\":{\"@type\":\"EntryPoint\",\"urlTemplate\":\"https:\/\/www.croquetarte.es\/noticias\/?s={search_term_string}\"},\"query-input\":\"required name=search_term_string\"}],\"inLanguage\":\"es\"},{\"@type\":\"Organization\",\"@id\":\"https:\/\/www.croquetarte.es\/noticias\/#organization\",\"name\":\"CroquetArte\",\"url\":\"https:\/\/www.croquetarte.es\/noticias\/\",\"logo\":{\"@type\":\"ImageObject\",\"inLanguage\":\"es\",\"@id\":\"https:\/\/www.croquetarte.es\/noticias\/#\/schema\/logo\/image\/\",\"url\":\"https:\/\/www.croquetarte.es\/noticias\/wp-content\/uploads\/2022\/11\/Croquetarte-logo.png\",\"contentUrl\":\"https:\/\/www.croquetarte.es\/noticias\/wp-content\/uploads\/2022\/11\/Croquetarte-logo.png\",\"width\":742,\"height\":204,\"caption\":\"CroquetArte\"},\"image\":{\"@id\":\"https:\/\/www.croquetarte.es\/noticias\/#\/schema\/logo\/image\/\"},\"sameAs\":[\"https:\/\/www.facebook.com\/croquetartezaragoza\",\"https:\/\/www.instagram.com\/croquetarte_\/\"]}]}<\/script>\n<!-- \/ Yoast SEO plugin. -->","yoast_head_json":{"title":"CroquetArte Romareda - CroquetArte","description":"CroquetArte Romareda, un lugar ideal para tomarte un descanso, saborear sin prisas nuestras croquetas en un entorno \u00fanico con una gran terraza.","robots":{"index":"index","follow":"follow","max-snippet":"max-snippet:-1","max-image-preview":"max-image-preview:large","max-video-preview":"max-video-preview:-1"},"canonical":"https:\/\/www.croquetarte.es\/noticias\/croquetarte-romareda\/","og_locale":"es_ES","og_type":"article","og_title":"CroquetArte Romareda","og_description":"CroquetArte Romareda, un lugar ideal para tomarte un descanso, saborear sin prisas nuestras croquetas en un entorno \u00fanico con una gran terraza.","og_url":"https:\/\/www.croquetarte.es\/noticias\/croquetarte-romareda\/","og_site_name":"CroquetArte","article_publisher":"https:\/\/www.facebook.com\/croquetartezaragoza","article_modified_time":"2023-03-04T08:56:52+00:00","og_image":[{"width":940,"height":788,"url":"https:\/\/www.croquetarte.es\/noticias\/wp-content\/uploads\/2022\/11\/Croquetarte-Romareda.jpg","type":"image\/jpeg"}],"twitter_card":"summary_large_image","twitter_misc":{"Tiempo de lectura":"3 minutos"},"schema":{"@context":"https:\/\/schema.org","@graph":[{"@type":"WebPage","@id":"https:\/\/www.croquetarte.es\/noticias\/croquetarte-romareda\/","url":"https:\/\/www.croquetarte.es\/noticias\/croquetarte-romareda\/","name":"CroquetArte Romareda - CroquetArte","isPartOf":{"@id":"https:\/\/www.croquetarte.es\/noticias\/#website"},"datePublished":"2022-11-17T19:48:39+00:00","dateModified":"2023-03-04T08:56:52+00:00","description":"CroquetArte Romareda, un lugar ideal para tomarte un descanso, saborear sin prisas nuestras croquetas en un entorno \u00fanico con una gran terraza.","breadcrumb":{"@id":"https:\/\/www.croquetarte.es\/noticias\/croquetarte-romareda\/#breadcrumb"},"inLanguage":"es","potentialAction":[{"@type":"ReadAction","target":["https:\/\/www.croquetarte.es\/noticias\/croquetarte-romareda\/"]}]},{"@type":"BreadcrumbList","@id":"https:\/\/www.croquetarte.es\/noticias\/croquetarte-romareda\/#breadcrumb","itemListElement":[{"@type":"ListItem","position":1,"name":"Portada","item":"https:\/\/www.croquetarte.es\/noticias\/"},{"@type":"ListItem","position":2,"name":"CroquetArte Romareda"}]},{"@type":"WebSite","@id":"https:\/\/www.croquetarte.es\/noticias\/#website","url":"https:\/\/www.croquetarte.es\/noticias\/","name":"CroquetArte","description":"Croquetas gourmet (saladas, dulces y sin gluten)","publisher":{"@id":"https:\/\/www.croquetarte.es\/noticias\/#organization"},"potentialAction":[{"@type":"SearchAction","target":{"@type":"EntryPoint","urlTemplate":"https:\/\/www.croquetarte.es\/noticias\/?s={search_term_string}"},"query-input":"required name=search_term_string"}],"inLanguage":"es"},{"@type":"Organization","@id":"https:\/\/www.croquetarte.es\/noticias\/#organization","name":"CroquetArte","url":"https:\/\/www.croquetarte.es\/noticias\/","logo":{"@type":"ImageObject","inLanguage":"es","@id":"https:\/\/www.croquetarte.es\/noticias\/#\/schema\/logo\/image\/","url":"https:\/\/www.croquetarte.es\/noticias\/wp-content\/uploads\/2022\/11\/Croquetarte-logo.png","contentUrl":"https:\/\/www.croquetarte.es\/noticias\/wp-content\/uploads\/2022\/11\/Croquetarte-logo.png","width":742,"height":204,"caption":"CroquetArte"},"image":{"@id":"https:\/\/www.croquetarte.es\/noticias\/#\/schema\/logo\/image\/"},"sameAs":["https:\/\/www.facebook.com\/croquetartezaragoza","https:\/\/www.instagram.com\/croquetarte_\/"]}]}},"_links":{"self":[{"href":"https:\/\/www.croquetarte.es\/noticias\/wp-json\/wp\/v2\/pages\/147"}],"collection":[{"href":"https:\/\/www.croquetarte.es\/noticias\/wp-json\/wp\/v2\/pages"}],"about":[{"href":"https:\/\/www.croquetarte.es\/noticias\/wp-json\/wp\/v2\/types\/page"}],"author":[{"embeddable":true,"href":"https:\/\/www.croquetarte.es\/noticias\/wp-json\/wp\/v2\/users\/2"}],"replies":[{"embeddable":true,"href":"https:\/\/www.croquetarte.es\/noticias\/wp-json\/wp\/v2\/comments?post=147"}],"version-history":[{"count":4,"href":"https:\/\/www.croquetarte.es\/noticias\/wp-json\/wp\/v2\/pages\/147\/revisions"}],"predecessor-version":[{"id":450,"href":"https:\/\/www.croquetarte.es\/noticias\/wp-json\/wp\/v2\/pages\/147\/revisions\/450"}],"wp:attachment":[{"href":"https:\/\/www.croquetarte.es\/noticias\/wp-json\/wp\/v2\/media?parent=147"}],"curies":[{"name":"wp","href":"https:\/\/api.w.org\/{rel}","templated":true}]}}