{"id":898,"date":"2024-01-14T12:55:15","date_gmt":"2024-01-14T10:55:15","guid":{"rendered":"https:\/\/www.croquetarte.es\/noticias\/?page_id=898"},"modified":"2024-01-14T13:57:41","modified_gmt":"2024-01-14T11:57:41","slug":"croqueta-jamon-fotos","status":"publish","type":"page","link":"https:\/\/www.croquetarte.es\/noticias\/croqueta-jamon-fotos\/","title":{"rendered":"Croqueta de Jam\u00f3n &#8211; Fotos"},"content":{"rendered":"\t\t<div data-elementor-type=\"wp-page\" data-elementor-id=\"898\" class=\"elementor elementor-898\">\n\t\t\t\t\t\t\t<div class=\"elementor-element elementor-element-a17e255 e-flex e-con-boxed e-con e-parent\" data-id=\"a17e255\" data-element_type=\"container\" data-settings=\"{&quot;content_width&quot;:&quot;boxed&quot;}\" data-core-v316-plus=\"true\">\n\t\t\t\t\t<div class=\"e-con-inner\">\n\t\t\t\t<div class=\"elementor-element elementor-element-d087acf elementor-widget elementor-widget-heading\" data-id=\"d087acf\" data-element_type=\"widget\" data-widget_type=\"heading.default\">\n\t\t\t\t<div class=\"elementor-widget-container\">\n\t\t\t<style>\/*! elementor - v3.18.0 - 20-12-2023 *\/\n.elementor-heading-title{padding:0;margin:0;line-height:1}.elementor-widget-heading .elementor-heading-title[class*=elementor-size-]>a{color:inherit;font-size:inherit;line-height:inherit}.elementor-widget-heading .elementor-heading-title.elementor-size-small{font-size:15px}.elementor-widget-heading .elementor-heading-title.elementor-size-medium{font-size:19px}.elementor-widget-heading .elementor-heading-title.elementor-size-large{font-size:29px}.elementor-widget-heading .elementor-heading-title.elementor-size-xl{font-size:39px}.elementor-widget-heading .elementor-heading-title.elementor-size-xxl{font-size:59px}<\/style><h1 class=\"elementor-heading-title elementor-size-default\">Croqueta de Jam\u00f3n<\/h1>\t\t<\/div>\n\t\t\t\t<\/div>\n\t\t\t\t\t<\/div>\n\t\t\t\t<\/div>\n\t\t<div class=\"elementor-element elementor-element-ca8f000 e-flex e-con-boxed e-con e-parent\" data-id=\"ca8f000\" data-element_type=\"container\" data-settings=\"{&quot;content_width&quot;:&quot;boxed&quot;}\" data-core-v316-plus=\"true\">\n\t\t\t\t\t<div class=\"e-con-inner\">\n\t\t\t\t<div class=\"elementor-element elementor-element-040bafa elementor-widget elementor-widget-spacer\" data-id=\"040bafa\" data-element_type=\"widget\" data-widget_type=\"spacer.default\">\n\t\t\t\t<div class=\"elementor-widget-container\">\n\t\t\t<style>\/*! elementor - v3.18.0 - 20-12-2023 *\/\n.elementor-column .elementor-spacer-inner{height:var(--spacer-size)}.e-con{--container-widget-width:100%}.e-con-inner>.elementor-widget-spacer,.e-con>.elementor-widget-spacer{width:var(--container-widget-width,var(--spacer-size));--align-self:var(--container-widget-align-self,initial);--flex-shrink:0}.e-con-inner>.elementor-widget-spacer>.elementor-widget-container,.e-con>.elementor-widget-spacer>.elementor-widget-container{height:100%;width:100%}.e-con-inner>.elementor-widget-spacer>.elementor-widget-container>.elementor-spacer,.e-con>.elementor-widget-spacer>.elementor-widget-container>.elementor-spacer{height:100%}.e-con-inner>.elementor-widget-spacer>.elementor-widget-container>.elementor-spacer>.elementor-spacer-inner,.e-con>.elementor-widget-spacer>.elementor-widget-container>.elementor-spacer>.elementor-spacer-inner{height:var(--container-widget-height,var(--spacer-size))}.e-con-inner>.elementor-widget-spacer.elementor-widget-empty,.e-con>.elementor-widget-spacer.elementor-widget-empty{position:relative;min-height:22px;min-width:22px}.e-con-inner>.elementor-widget-spacer.elementor-widget-empty .elementor-widget-empty-icon,.e-con>.elementor-widget-spacer.elementor-widget-empty .elementor-widget-empty-icon{position:absolute;top:0;bottom:0;left:0;right:0;margin:auto;padding:0;width:22px;height:22px}<\/style>\t\t<div class=\"elementor-spacer\">\n\t\t\t<div class=\"elementor-spacer-inner\"><\/div>\n\t\t<\/div>\n\t\t\t\t<\/div>\n\t\t\t\t<\/div>\n\t\t\t\t\t<\/div>\n\t\t\t\t<\/div>\n\t\t<div class=\"elementor-element elementor-element-e95bbe0 e-flex e-con-boxed e-con e-parent\" data-id=\"e95bbe0\" data-element_type=\"container\" data-settings=\"{&quot;content_width&quot;:&quot;boxed&quot;}\" data-core-v316-plus=\"true\">\n\t\t\t\t\t<div class=\"e-con-inner\">\n\t\t\t\t<div class=\"elementor-element elementor-element-4a1a6fe elementor-invisible elementor-widget elementor-widget-image\" data-id=\"4a1a6fe\" data-element_type=\"widget\" data-settings=\"{&quot;_animation&quot;:&quot;fadeIn&quot;}\" data-widget_type=\"image.default\">\n\t\t\t\t<div class=\"elementor-widget-container\">\n\t\t\t<style>\/*! elementor - v3.18.0 - 20-12-2023 *\/\n.elementor-widget-image{text-align:center}.elementor-widget-image a{display:inline-block}.elementor-widget-image a img[src$=\".svg\"]{width:48px}.elementor-widget-image img{vertical-align:middle;display:inline-block}<\/style>\t\t\t\t\t\t\t\t\t\t\t\t\t<a href=\"https:\/\/www.croquetarte.es\/noticias\/wp-content\/uploads\/2024\/01\/jamon1.jpg\" data-elementor-open-lightbox=\"yes\" data-elementor-lightbox-title=\"Croqueta de Jam\u00f3n\" data-elementor-lightbox-description=\"Croqueta de Jam\u00f3n - CroquetArte\" data-e-action-hash=\"#elementor-action%3Aaction%3Dlightbox%26settings%3DeyJpZCI6OTAwLCJ1cmwiOiJodHRwczpcL1wvd3d3LmNyb3F1ZXRhcnRlLmVzXC9ub3RpY2lhc1wvd3AtY29udGVudFwvdXBsb2Fkc1wvMjAyNFwvMDFcL2phbW9uMS5qcGcifQ%3D%3D\">\n\t\t\t\t\t\t\t<img decoding=\"async\" src=\"https:\/\/www.croquetarte.es\/noticias\/wp-content\/uploads\/2024\/01\/jamon1.jpg\" title=\"Croqueta de Jam\u00f3n\" alt=\"Croqueta de Jam\u00f3n - CroquetArte\" class=\"elementor-animation-grow\" loading=\"lazy\" \/>\t\t\t\t\t\t\t\t<\/a>\n\t\t\t\t\t\t\t\t\t\t\t\t\t\t\t<\/div>\n\t\t\t\t<\/div>\n\t\t\t\t\t<\/div>\n\t\t\t\t<\/div>\n\t\t<div class=\"elementor-element elementor-element-f3d57ff e-flex e-con-boxed e-con e-parent\" data-id=\"f3d57ff\" data-element_type=\"container\" data-settings=\"{&quot;content_width&quot;:&quot;boxed&quot;}\" data-core-v316-plus=\"true\">\n\t\t\t\t\t<div class=\"e-con-inner\">\n\t\t\t\t<div class=\"elementor-element elementor-element-4236901 elementor-widget elementor-widget-spacer\" data-id=\"4236901\" data-element_type=\"widget\" data-widget_type=\"spacer.default\">\n\t\t\t\t<div class=\"elementor-widget-container\">\n\t\t\t\t\t<div class=\"elementor-spacer\">\n\t\t\t<div class=\"elementor-spacer-inner\"><\/div>\n\t\t<\/div>\n\t\t\t\t<\/div>\n\t\t\t\t<\/div>\n\t\t\t\t\t<\/div>\n\t\t\t\t<\/div>\n\t\t<div class=\"elementor-element elementor-element-544b5a2 e-con-full e-flex e-con e-parent\" data-id=\"544b5a2\" data-element_type=\"container\" data-settings=\"{&quot;content_width&quot;:&quot;full&quot;}\" data-core-v316-plus=\"true\">\n\t\t\t\t<div class=\"elementor-element elementor-element-a2296d8 elementor-invisible elementor-widget elementor-widget-image\" data-id=\"a2296d8\" data-element_type=\"widget\" data-settings=\"{&quot;_animation&quot;:&quot;fadeIn&quot;}\" data-widget_type=\"image.default\">\n\t\t\t\t<div class=\"elementor-widget-container\">\n\t\t\t\t\t\t\t\t\t\t\t\t\t\t\t\t<a href=\"https:\/\/www.croquetarte.es\/noticias\/wp-content\/uploads\/2024\/01\/jamon2.jpg\" data-elementor-open-lightbox=\"yes\" data-elementor-lightbox-title=\"Croqueta de Jam\u00f3n\" data-elementor-lightbox-description=\"Croqueta de Jam\u00f3n - CroquetArte\" data-e-action-hash=\"#elementor-action%3Aaction%3Dlightbox%26settings%3DeyJpZCI6OTAxLCJ1cmwiOiJodHRwczpcL1wvd3d3LmNyb3F1ZXRhcnRlLmVzXC9ub3RpY2lhc1wvd3AtY29udGVudFwvdXBsb2Fkc1wvMjAyNFwvMDFcL2phbW9uMi5qcGcifQ%3D%3D\">\n\t\t\t\t\t\t\t<img decoding=\"async\" src=\"https:\/\/www.croquetarte.es\/noticias\/wp-content\/uploads\/2024\/01\/jamon2.jpg\" title=\"Croqueta de Jam\u00f3n\" alt=\"Croqueta de Jam\u00f3n - CroquetArte\" class=\"elementor-animation-grow\" loading=\"lazy\" \/>\t\t\t\t\t\t\t\t<\/a>\n\t\t\t\t\t\t\t\t\t\t\t\t\t\t\t<\/div>\n\t\t\t\t<\/div>\n\t\t\t\t<\/div>\n\t\t<div class=\"elementor-element elementor-element-e0d1f67 e-flex e-con-boxed e-con e-parent\" data-id=\"e0d1f67\" data-element_type=\"container\" data-settings=\"{&quot;content_width&quot;:&quot;boxed&quot;}\" data-core-v316-plus=\"true\">\n\t\t\t\t\t<div class=\"e-con-inner\">\n\t\t\t\t<div class=\"elementor-element elementor-element-f6f92d4 elementor-widget elementor-widget-spacer\" data-id=\"f6f92d4\" data-element_type=\"widget\" data-widget_type=\"spacer.default\">\n\t\t\t\t<div class=\"elementor-widget-container\">\n\t\t\t\t\t<div class=\"elementor-spacer\">\n\t\t\t<div class=\"elementor-spacer-inner\"><\/div>\n\t\t<\/div>\n\t\t\t\t<\/div>\n\t\t\t\t<\/div>\n\t\t\t\t\t<\/div>\n\t\t\t\t<\/div>\n\t\t<div class=\"elementor-element elementor-element-b2130d3 e-con-full e-flex e-con e-parent\" data-id=\"b2130d3\" data-element_type=\"container\" data-settings=\"{&quot;content_width&quot;:&quot;full&quot;}\" data-core-v316-plus=\"true\">\n\t\t\t\t<div class=\"elementor-element elementor-element-2ee5100 elementor-invisible elementor-widget elementor-widget-image\" data-id=\"2ee5100\" data-element_type=\"widget\" data-settings=\"{&quot;_animation&quot;:&quot;fadeIn&quot;}\" data-widget_type=\"image.default\">\n\t\t\t\t<div class=\"elementor-widget-container\">\n\t\t\t\t\t\t\t\t\t\t\t\t\t\t\t\t<a href=\"https:\/\/www.croquetarte.es\/noticias\/wp-content\/uploads\/2024\/01\/jamon3.jpg\" data-elementor-open-lightbox=\"yes\" data-elementor-lightbox-title=\"Croqueta de Jam\u00f3n\" data-elementor-lightbox-description=\"Croqueta de Jam\u00f3n - CroquetArte\" data-e-action-hash=\"#elementor-action%3Aaction%3Dlightbox%26settings%3DeyJpZCI6OTAyLCJ1cmwiOiJodHRwczpcL1wvd3d3LmNyb3F1ZXRhcnRlLmVzXC9ub3RpY2lhc1wvd3AtY29udGVudFwvdXBsb2Fkc1wvMjAyNFwvMDFcL2phbW9uMy5qcGcifQ%3D%3D\">\n\t\t\t\t\t\t\t<img decoding=\"async\" src=\"https:\/\/www.croquetarte.es\/noticias\/wp-content\/uploads\/2024\/01\/jamon3.jpg\" title=\"Croqueta de Jam\u00f3n\" alt=\"Croqueta de Jam\u00f3n - CroquetArte\" class=\"elementor-animation-grow\" loading=\"lazy\" \/>\t\t\t\t\t\t\t\t<\/a>\n\t\t\t\t\t\t\t\t\t\t\t\t\t\t\t<\/div>\n\t\t\t\t<\/div>\n\t\t\t\t<\/div>\n\t\t<div class=\"elementor-element elementor-element-540f1d3 e-flex e-con-boxed e-con e-parent\" data-id=\"540f1d3\" data-element_type=\"container\" data-settings=\"{&quot;content_width&quot;:&quot;boxed&quot;}\" data-core-v316-plus=\"true\">\n\t\t\t\t\t<div class=\"e-con-inner\">\n\t\t\t\t<div class=\"elementor-element elementor-element-6666934 elementor-widget elementor-widget-spacer\" data-id=\"6666934\" data-element_type=\"widget\" data-widget_type=\"spacer.default\">\n\t\t\t\t<div class=\"elementor-widget-container\">\n\t\t\t\t\t<div class=\"elementor-spacer\">\n\t\t\t<div class=\"elementor-spacer-inner\"><\/div>\n\t\t<\/div>\n\t\t\t\t<\/div>\n\t\t\t\t<\/div>\n\t\t\t\t\t<\/div>\n\t\t\t\t<\/div>\n\t\t<div class=\"elementor-element elementor-element-9a3135e e-con-full e-flex e-con e-parent\" data-id=\"9a3135e\" data-element_type=\"container\" data-settings=\"{&quot;content_width&quot;:&quot;full&quot;}\" data-core-v316-plus=\"true\">\n\t\t\t\t<div class=\"elementor-element elementor-element-36f8b36 elementor-invisible elementor-widget elementor-widget-image\" data-id=\"36f8b36\" data-element_type=\"widget\" data-settings=\"{&quot;_animation&quot;:&quot;fadeIn&quot;}\" data-widget_type=\"image.default\">\n\t\t\t\t<div class=\"elementor-widget-container\">\n\t\t\t\t\t\t\t\t\t\t\t\t\t\t\t\t<a href=\"https:\/\/www.croquetarte.es\/noticias\/wp-content\/uploads\/2024\/01\/jamon4.jpg\" data-elementor-open-lightbox=\"yes\" data-elementor-lightbox-title=\"Croqueta de Jam\u00f3n\" data-elementor-lightbox-description=\"Croqueta de Jam\u00f3n - CroquetArte\" data-e-action-hash=\"#elementor-action%3Aaction%3Dlightbox%26settings%3DeyJpZCI6OTAzLCJ1cmwiOiJodHRwczpcL1wvd3d3LmNyb3F1ZXRhcnRlLmVzXC9ub3RpY2lhc1wvd3AtY29udGVudFwvdXBsb2Fkc1wvMjAyNFwvMDFcL2phbW9uNC5qcGcifQ%3D%3D\">\n\t\t\t\t\t\t\t<img decoding=\"async\" src=\"https:\/\/www.croquetarte.es\/noticias\/wp-content\/uploads\/2024\/01\/jamon4.jpg\" title=\"Croqueta de Jam\u00f3n\" alt=\"Croqueta de Jam\u00f3n - CroquetArte\" class=\"elementor-animation-grow\" loading=\"lazy\" \/>\t\t\t\t\t\t\t\t<\/a>\n\t\t\t\t\t\t\t\t\t\t\t\t\t\t\t<\/div>\n\t\t\t\t<\/div>\n\t\t\t\t<\/div>\n\t\t<div class=\"elementor-element elementor-element-e8fe421 e-flex e-con-boxed e-con e-parent\" data-id=\"e8fe421\" data-element_type=\"container\" data-settings=\"{&quot;content_width&quot;:&quot;boxed&quot;}\" data-core-v316-plus=\"true\">\n\t\t\t\t\t<div class=\"e-con-inner\">\n\t\t\t\t<div class=\"elementor-element elementor-element-0df1928 elementor-widget elementor-widget-spacer\" data-id=\"0df1928\" data-element_type=\"widget\" data-widget_type=\"spacer.default\">\n\t\t\t\t<div class=\"elementor-widget-container\">\n\t\t\t\t\t<div class=\"elementor-spacer\">\n\t\t\t<div class=\"elementor-spacer-inner\"><\/div>\n\t\t<\/div>\n\t\t\t\t<\/div>\n\t\t\t\t<\/div>\n\t\t\t\t\t<\/div>\n\t\t\t\t<\/div>\n\t\t<div class=\"elementor-element elementor-element-a1facfa e-flex e-con-boxed e-con e-parent\" data-id=\"a1facfa\" data-element_type=\"container\" data-settings=\"{&quot;content_width&quot;:&quot;boxed&quot;}\" data-core-v316-plus=\"true\">\n\t\t\t\t\t<div class=\"e-con-inner\">\n\t\t\t\t<div class=\"elementor-element elementor-element-d9d89a8 elementor-align-center elementor-widget elementor-widget-button\" data-id=\"d9d89a8\" data-element_type=\"widget\" data-widget_type=\"button.default\">\n\t\t\t\t<div class=\"elementor-widget-container\">\n\t\t\t\t\t<div class=\"elementor-button-wrapper\">\n\t\t\t<a class=\"elementor-button elementor-button-link elementor-size-lg\" href=\"https:\/\/www.croquetarte.es\/noticias\/cual-es-nuestra-croqueta-mas-vendida\/\" target=\"_blank\">\n\t\t\t\t\t\t<span class=\"elementor-button-content-wrapper\">\n\t\t\t\t\t\t<span class=\"elementor-button-icon elementor-align-icon-left\">\n\t\t\t\t<svg aria-hidden=\"true\" class=\"e-font-icon-svg e-fas-arrow-alt-circle-right\" viewBox=\"0 0 512 512\" xmlns=\"http:\/\/www.w3.org\/2000\/svg\"><path d=\"M256 8c137 0 248 111 248 248S393 504 256 504 8 393 8 256 119 8 256 8zM140 300h116v70.9c0 10.7 13 16.1 20.5 8.5l114.3-114.9c4.7-4.7 4.7-12.2 0-16.9l-114.3-115c-7.6-7.6-20.5-2.2-20.5 8.5V212H140c-6.6 0-12 5.4-12 12v64c0 6.6 5.4 12 12 12z\"><\/path><\/svg>\t\t\t<\/span>\n\t\t\t\t\t\t<span class=\"elementor-button-text\">M\u00e1s informaci\u00f3n - Croqueta de Jam\u00f3n<\/span>\n\t\t<\/span>\n\t\t\t\t\t<\/a>\n\t\t<\/div>\n\t\t\t\t<\/div>\n\t\t\t\t<\/div>\n\t\t\t\t\t<\/div>\n\t\t\t\t<\/div>\n\t\t<div class=\"elementor-element elementor-element-390ed9f e-flex e-con-boxed e-con e-parent\" data-id=\"390ed9f\" data-element_type=\"container\" data-settings=\"{&quot;content_width&quot;:&quot;boxed&quot;}\" data-core-v316-plus=\"true\">\n\t\t\t\t\t<div class=\"e-con-inner\">\n\t\t\t\t<div class=\"elementor-element elementor-element-283048a elementor-widget elementor-widget-spacer\" data-id=\"283048a\" data-element_type=\"widget\" data-widget_type=\"spacer.default\">\n\t\t\t\t<div class=\"elementor-widget-container\">\n\t\t\t\t\t<div class=\"elementor-spacer\">\n\t\t\t<div class=\"elementor-spacer-inner\"><\/div>\n\t\t<\/div>\n\t\t\t\t<\/div>\n\t\t\t\t<\/div>\n\t\t\t\t\t<\/div>\n\t\t\t\t<\/div>\n\t\t\t\t\t\t\t<\/div>\n\t\t","protected":false},"excerpt":{"rendered":"<p>Croqueta de Jam\u00f3n M\u00e1s informaci\u00f3n &#8211; Croqueta de Jam\u00f3n<\/p>\n","protected":false},"author":2,"featured_media":900,"parent":0,"menu_order":0,"comment_status":"closed","ping_status":"closed","template":"elementor_header_footer","meta":[],"yoast_head":"<!-- This site is optimized with the Yoast SEO plugin v21.6 - https:\/\/yoast.com\/wordpress\/plugins\/seo\/ -->\n<title>Croqueta de Jam\u00f3n de CroquetArte - Fotograf\u00edas<\/title>\n<meta name=\"description\" content=\"Aqu\u00ed os mostramos las fotograf\u00edas de nuestra Croqueta de Jam\u00f3n que podr\u00e1s disfrutar en los locales de CroquetArte.\" \/>\n<meta name=\"robots\" content=\"index, follow, max-snippet:-1, max-image-preview:large, max-video-preview:-1\" \/>\n<link rel=\"canonical\" href=\"https:\/\/www.croquetarte.es\/noticias\/croqueta-jamon-fotos\/\" \/>\n<meta property=\"og:locale\" content=\"es_ES\" \/>\n<meta property=\"og:type\" content=\"article\" \/>\n<meta property=\"og:title\" content=\"Croqueta de Jam\u00f3n - Fotograf\u00edas\" \/>\n<meta property=\"og:description\" content=\"Aqu\u00ed os mostramos las fotograf\u00edas de nuestra Croqueta de Jam\u00f3n que podr\u00e1s disfrutar en los locales de CroquetArte.\" \/>\n<meta property=\"og:url\" content=\"https:\/\/www.croquetarte.es\/noticias\/croqueta-jamon-fotos\/\" \/>\n<meta property=\"og:site_name\" content=\"CroquetArte\" \/>\n<meta property=\"article:publisher\" content=\"https:\/\/www.facebook.com\/croquetartezaragoza\" \/>\n<meta property=\"article:modified_time\" content=\"2024-01-14T11:57:41+00:00\" \/>\n<meta property=\"og:image\" content=\"https:\/\/www.croquetarte.es\/noticias\/wp-content\/uploads\/2024\/01\/jamon1.jpg\" \/>\n\t<meta property=\"og:image:width\" content=\"2000\" \/>\n\t<meta property=\"og:image:height\" content=\"1000\" \/>\n\t<meta property=\"og:image:type\" content=\"image\/jpeg\" \/>\n<meta name=\"twitter:card\" content=\"summary_large_image\" \/>\n<meta name=\"twitter:title\" content=\"Croqueta de Jam\u00f3n - Fotograf\u00edas\" \/>\n<meta name=\"twitter:description\" content=\"Aqu\u00ed os mostramos las fotograf\u00edas de nuestra Croqueta de Jam\u00f3n que podr\u00e1s disfrutar en los locales de CroquetArte.\" \/>\n<meta name=\"twitter:image\" content=\"https:\/\/www.croquetarte.es\/noticias\/wp-content\/uploads\/2024\/01\/jamon1.jpg\" \/>\n<meta name=\"twitter:label1\" content=\"Tiempo de lectura\" \/>\n\t<meta name=\"twitter:data1\" content=\"1 minuto\" \/>\n<script type=\"application\/ld+json\" class=\"yoast-schema-graph\">{\"@context\":\"https:\/\/schema.org\",\"@graph\":[{\"@type\":\"WebPage\",\"@id\":\"https:\/\/www.croquetarte.es\/noticias\/croqueta-jamon-fotos\/\",\"url\":\"https:\/\/www.croquetarte.es\/noticias\/croqueta-jamon-fotos\/\",\"name\":\"Croqueta de Jam\u00f3n de CroquetArte - Fotograf\u00edas\",\"isPartOf\":{\"@id\":\"https:\/\/www.croquetarte.es\/noticias\/#website\"},\"datePublished\":\"2024-01-14T10:55:15+00:00\",\"dateModified\":\"2024-01-14T11:57:41+00:00\",\"description\":\"Aqu\u00ed os mostramos las fotograf\u00edas de nuestra Croqueta de Jam\u00f3n que podr\u00e1s disfrutar en los locales de CroquetArte.\",\"breadcrumb\":{\"@id\":\"https:\/\/www.croquetarte.es\/noticias\/croqueta-jamon-fotos\/#breadcrumb\"},\"inLanguage\":\"es\",\"potentialAction\":[{\"@type\":\"ReadAction\",\"target\":[\"https:\/\/www.croquetarte.es\/noticias\/croqueta-jamon-fotos\/\"]}]},{\"@type\":\"BreadcrumbList\",\"@id\":\"https:\/\/www.croquetarte.es\/noticias\/croqueta-jamon-fotos\/#breadcrumb\",\"itemListElement\":[{\"@type\":\"ListItem\",\"position\":1,\"name\":\"Portada\",\"item\":\"https:\/\/www.croquetarte.es\/noticias\/\"},{\"@type\":\"ListItem\",\"position\":2,\"name\":\"Croqueta de Jam\u00f3n &#8211; Fotos\"}]},{\"@type\":\"WebSite\",\"@id\":\"https:\/\/www.croquetarte.es\/noticias\/#website\",\"url\":\"https:\/\/www.croquetarte.es\/noticias\/\",\"name\":\"CroquetArte\",\"description\":\"Croquetas gourmet (saladas, dulces y sin gluten)\",\"publisher\":{\"@id\":\"https:\/\/www.croquetarte.es\/noticias\/#organization\"},\"potentialAction\":[{\"@type\":\"SearchAction\",\"target\":{\"@type\":\"EntryPoint\",\"urlTemplate\":\"https:\/\/www.croquetarte.es\/noticias\/?s={search_term_string}\"},\"query-input\":\"required name=search_term_string\"}],\"inLanguage\":\"es\"},{\"@type\":\"Organization\",\"@id\":\"https:\/\/www.croquetarte.es\/noticias\/#organization\",\"name\":\"CroquetArte\",\"url\":\"https:\/\/www.croquetarte.es\/noticias\/\",\"logo\":{\"@type\":\"ImageObject\",\"inLanguage\":\"es\",\"@id\":\"https:\/\/www.croquetarte.es\/noticias\/#\/schema\/logo\/image\/\",\"url\":\"https:\/\/www.croquetarte.es\/noticias\/wp-content\/uploads\/2022\/11\/Croquetarte-logo.png\",\"contentUrl\":\"https:\/\/www.croquetarte.es\/noticias\/wp-content\/uploads\/2022\/11\/Croquetarte-logo.png\",\"width\":742,\"height\":204,\"caption\":\"CroquetArte\"},\"image\":{\"@id\":\"https:\/\/www.croquetarte.es\/noticias\/#\/schema\/logo\/image\/\"},\"sameAs\":[\"https:\/\/www.facebook.com\/croquetartezaragoza\",\"https:\/\/www.instagram.com\/croquetarte_\/\"]}]}<\/script>\n<!-- \/ Yoast SEO plugin. -->","yoast_head_json":{"title":"Croqueta de Jam\u00f3n de CroquetArte - Fotograf\u00edas","description":"Aqu\u00ed os mostramos las fotograf\u00edas de nuestra Croqueta de Jam\u00f3n que podr\u00e1s disfrutar en los locales de CroquetArte.","robots":{"index":"index","follow":"follow","max-snippet":"max-snippet:-1","max-image-preview":"max-image-preview:large","max-video-preview":"max-video-preview:-1"},"canonical":"https:\/\/www.croquetarte.es\/noticias\/croqueta-jamon-fotos\/","og_locale":"es_ES","og_type":"article","og_title":"Croqueta de Jam\u00f3n - Fotograf\u00edas","og_description":"Aqu\u00ed os mostramos las fotograf\u00edas de nuestra Croqueta de Jam\u00f3n que podr\u00e1s disfrutar en los locales de CroquetArte.","og_url":"https:\/\/www.croquetarte.es\/noticias\/croqueta-jamon-fotos\/","og_site_name":"CroquetArte","article_publisher":"https:\/\/www.facebook.com\/croquetartezaragoza","article_modified_time":"2024-01-14T11:57:41+00:00","og_image":[{"width":2000,"height":1000,"url":"https:\/\/www.croquetarte.es\/noticias\/wp-content\/uploads\/2024\/01\/jamon1.jpg","type":"image\/jpeg"}],"twitter_card":"summary_large_image","twitter_title":"Croqueta de Jam\u00f3n - Fotograf\u00edas","twitter_description":"Aqu\u00ed os mostramos las fotograf\u00edas de nuestra Croqueta de Jam\u00f3n que podr\u00e1s disfrutar en los locales de CroquetArte.","twitter_image":"https:\/\/www.croquetarte.es\/noticias\/wp-content\/uploads\/2024\/01\/jamon1.jpg","twitter_misc":{"Tiempo de lectura":"1 minuto"},"schema":{"@context":"https:\/\/schema.org","@graph":[{"@type":"WebPage","@id":"https:\/\/www.croquetarte.es\/noticias\/croqueta-jamon-fotos\/","url":"https:\/\/www.croquetarte.es\/noticias\/croqueta-jamon-fotos\/","name":"Croqueta de Jam\u00f3n de CroquetArte - Fotograf\u00edas","isPartOf":{"@id":"https:\/\/www.croquetarte.es\/noticias\/#website"},"datePublished":"2024-01-14T10:55:15+00:00","dateModified":"2024-01-14T11:57:41+00:00","description":"Aqu\u00ed os mostramos las fotograf\u00edas de nuestra Croqueta de Jam\u00f3n que podr\u00e1s disfrutar en los locales de CroquetArte.","breadcrumb":{"@id":"https:\/\/www.croquetarte.es\/noticias\/croqueta-jamon-fotos\/#breadcrumb"},"inLanguage":"es","potentialAction":[{"@type":"ReadAction","target":["https:\/\/www.croquetarte.es\/noticias\/croqueta-jamon-fotos\/"]}]},{"@type":"BreadcrumbList","@id":"https:\/\/www.croquetarte.es\/noticias\/croqueta-jamon-fotos\/#breadcrumb","itemListElement":[{"@type":"ListItem","position":1,"name":"Portada","item":"https:\/\/www.croquetarte.es\/noticias\/"},{"@type":"ListItem","position":2,"name":"Croqueta de Jam\u00f3n &#8211; Fotos"}]},{"@type":"WebSite","@id":"https:\/\/www.croquetarte.es\/noticias\/#website","url":"https:\/\/www.croquetarte.es\/noticias\/","name":"CroquetArte","description":"Croquetas gourmet (saladas, dulces y sin gluten)","publisher":{"@id":"https:\/\/www.croquetarte.es\/noticias\/#organization"},"potentialAction":[{"@type":"SearchAction","target":{"@type":"EntryPoint","urlTemplate":"https:\/\/www.croquetarte.es\/noticias\/?s={search_term_string}"},"query-input":"required name=search_term_string"}],"inLanguage":"es"},{"@type":"Organization","@id":"https:\/\/www.croquetarte.es\/noticias\/#organization","name":"CroquetArte","url":"https:\/\/www.croquetarte.es\/noticias\/","logo":{"@type":"ImageObject","inLanguage":"es","@id":"https:\/\/www.croquetarte.es\/noticias\/#\/schema\/logo\/image\/","url":"https:\/\/www.croquetarte.es\/noticias\/wp-content\/uploads\/2022\/11\/Croquetarte-logo.png","contentUrl":"https:\/\/www.croquetarte.es\/noticias\/wp-content\/uploads\/2022\/11\/Croquetarte-logo.png","width":742,"height":204,"caption":"CroquetArte"},"image":{"@id":"https:\/\/www.croquetarte.es\/noticias\/#\/schema\/logo\/image\/"},"sameAs":["https:\/\/www.facebook.com\/croquetartezaragoza","https:\/\/www.instagram.com\/croquetarte_\/"]}]}},"_links":{"self":[{"href":"https:\/\/www.croquetarte.es\/noticias\/wp-json\/wp\/v2\/pages\/898"}],"collection":[{"href":"https:\/\/www.croquetarte.es\/noticias\/wp-json\/wp\/v2\/pages"}],"about":[{"href":"https:\/\/www.croquetarte.es\/noticias\/wp-json\/wp\/v2\/types\/page"}],"author":[{"embeddable":true,"href":"https:\/\/www.croquetarte.es\/noticias\/wp-json\/wp\/v2\/users\/2"}],"replies":[{"embeddable":true,"href":"https:\/\/www.croquetarte.es\/noticias\/wp-json\/wp\/v2\/comments?post=898"}],"version-history":[{"count":20,"href":"https:\/\/www.croquetarte.es\/noticias\/wp-json\/wp\/v2\/pages\/898\/revisions"}],"predecessor-version":[{"id":983,"href":"https:\/\/www.croquetarte.es\/noticias\/wp-json\/wp\/v2\/pages\/898\/revisions\/983"}],"wp:featuredmedia":[{"embeddable":true,"href":"https:\/\/www.croquetarte.es\/noticias\/wp-json\/wp\/v2\/media\/900"}],"wp:attachment":[{"href":"https:\/\/www.croquetarte.es\/noticias\/wp-json\/wp\/v2\/media?parent=898"}],"curies":[{"name":"wp","href":"https:\/\/api.w.org\/{rel}","templated":true}]}}